{"id":2,"date":"2026-04-07T21:17:40","date_gmt":"2026-04-07T21:17:40","guid":{"rendered":"https:\/\/test.prolifemedical.ro\/?page_id=2"},"modified":"2026-04-07T21:17:40","modified_gmt":"2026-04-07T21:17:40","slug":"pagin\u0103-exemplu","status":"publish","type":"page","link":"https:\/\/test.prolifemedical.ro\/?page_id=2","title":{"rendered":"Pagin\u0103 exemplu"},"content":{"rendered":"\n<p>Acesta este un exemplu de pagin\u0103. O pagin\u0103 este diferit\u0103 de un articol deoarece ea va r\u0103m\u00e2ne \u00eentr-un singur loc \u0219i va ap\u0103rea \u00een navigarea pe site-ul t\u0103u (\u00een majoritatea temelor). Foarte multe persoane \u00eencep cu o pagin\u0103 Despre, \u00een care se prezint\u0103 poten\u021bialilor vizitatori pe site. Ar putea fi ceva de genul acesta:<\/p>\n\n\n\n<blockquote class=\"wp-block-quote is-layout-flow wp-block-quote-is-layout-flow\">\n\n<p>Bun\u0103! \u00cen timpul zilei sunt curier pe biciclet\u0103, noaptea m\u0103 preg\u0103tesc s\u0103 devin actor \u0219i acesta este site-ul meu web. Locuiesc \u00een Bucure\u0219ti, am un c\u00e2ine grozav pe care-l cheam\u0103 Rex \u0219i \u00eemi place vinul ro\u0219u. (\u0218i s\u0103 m\u0103 plimb prin ploaie.)<\/p>\n\n<\/blockquote>\n\n\n\n<p>&#8230; sau ceva de genul:<\/p>\n\n\n\n<blockquote class=\"wp-block-quote is-layout-flow wp-block-quote-is-layout-flow\">\n\n<p>Compania XYZ M\u0103ru\u021bi\u0219uri SRL a fost \u00eenfiin\u021bat\u0103 \u00een 1990 \u0219i de atunci ofer\u0103 publicului m\u0103run\u021bi\u0219uri de calitate. Aflat\u0103 \u00een ora\u0219ul Caracal, XYZ angajeaz\u0103 peste 2000 de oameni \u0219i face \u0219i o sum\u0103 de lucruri deosebite pentru comunitatea din Caracal.<\/p>\n\n<\/blockquote>\n\n\n\n<p>Ca utilizator WordPress nou, ar trebui s\u0103 mergi la <a href=\"https:\/\/test.prolifemedical.ro\/wp-admin\/\">Panoul t\u0103u de control<\/a> ca s\u0103 \u0219tergi aceast\u0103 pagin\u0103 \u0219i s\u0103 creezi pagini noi pentru con\u021binutul t\u0103u. Distrac\u021bie pl\u0103cut\u0103!<\/p>\n","protected":false},"excerpt":{"rendered":"<p>Acesta este un exemplu de pagin\u0103. O pagin\u0103 este diferit\u0103 de un articol deoarece ea va r\u0103m\u00e2ne \u00eentr-un singur loc \u0219i va ap\u0103rea \u00een navigarea pe site-ul t\u0103u (\u00een majoritatea temelor). Foarte multe persoane \u00eencep cu o pagin\u0103 Despre, \u00een care se prezint\u0103 poten\u021bialilor vizitatori pe site. Ar putea fi ceva de genul acesta: Bun\u0103! [&hellip;]<\/p>\n","protected":false},"author":1,"featured_media":0,"parent":0,"menu_order":0,"comment_status":"closed","ping_status":"open","template":"","meta":{"footnotes":""},"class_list":["post-2","page","type-page","status-publish","hentry"],"_links":{"self":[{"href":"https:\/\/test.prolifemedical.ro\/index.php?rest_route=\/wp\/v2\/pages\/2","targetHints":{"allow":["GET"]}}],"collection":[{"href":"https:\/\/test.prolifemedical.ro\/index.php?rest_route=\/wp\/v2\/pages"}],"about":[{"href":"https:\/\/test.prolifemedical.ro\/index.php?rest_route=\/wp\/v2\/types\/page"}],"author":[{"embeddable":true,"href":"https:\/\/test.prolifemedical.ro\/index.php?rest_route=\/wp\/v2\/users\/1"}],"replies":[{"embeddable":true,"href":"https:\/\/test.prolifemedical.ro\/index.php?rest_route=%2Fwp%2Fv2%2Fcomments&post=2"}],"version-history":[{"count":0,"href":"https:\/\/test.prolifemedical.ro\/index.php?rest_route=\/wp\/v2\/pages\/2\/revisions"}],"wp:attachment":[{"href":"https:\/\/test.prolifemedical.ro\/index.php?rest_route=%2Fwp%2Fv2%2Fmedia&parent=2"}],"curies":[{"name":"wp","href":"https:\/\/api.w.org\/{rel}","templated":true}]}}